{"id":102,"date":"2009-01-28T14:03:23","date_gmt":"2009-01-28T13:03:23","guid":{"rendered":"http:\/\/localhost:8888\/cac\/?page_id=102"},"modified":"2023-10-28T22:05:46","modified_gmt":"2023-10-28T21:05:46","slug":"asso","status":"publish","type":"page","link":"http:\/\/www.courir-a-corps-nuds.fr\/?page_id=102","title":{"rendered":"L&#8217;Asso"},"content":{"rendered":"<p>L&#8217;association du <span style=\"color: #800000;\">CAC<\/span> <em>(Courir \u00e0 Corps-Nuds) <\/em>a pour but de r\u00e9unir les cornusien(ne)s et coureurs (reuses) des communes voisines afin de courir ensemble avec ou sans objectif de performances. Si courir seul vous para\u00eet d\u00e9motivant, venez nous rejoindre et profitez des conseils de chacun. Du d\u00e9butant au confirm\u00e9, nous vous accueillerons en toute convivialit\u00e9.<\/p>\n<h2>COMPOSITION DU BUREAU saison 2022\/2023<\/h2>\n<ul>\n<li><strong>Pr\u00e9sident :<\/strong> Eric Berthelot<\/li>\n<li><strong>Vice pr\u00e9sident :<\/strong> V\u00e9ronique Lacire<\/li>\n<li><strong>Tr\u00e9sorier<\/strong> : Etienne Fouillet\u00a0<\/li>\n<li><strong>Tr\u00e9sorier adjoint :<\/strong> Martine Lefaix<\/li>\n<li><strong>Secr\u00e9taire<\/strong> : Nathalie Bellanger<\/li>\n<li><strong>Secr\u00e9taire adjoint :<\/strong>\u00a0 Odile Berthelot<\/li>\n<li><strong>Membres<\/strong> : Sylvie M\u00e9nard ; Philippe Paul, Pascal Paulin , Guy Chesneau<\/li>\n<li><strong>R\u00e9partition des r\u00f4les<\/strong><\/li>\n<li>Webmaster : Guy Chesneau\u00a0 (responsable site Internet et page Facebook)<\/li>\n<li>Suivi des r\u00e9sultats des courses et mise \u00e0 jour sur le site\u00a0: Pascal PAULIN<\/li>\n<li>Communication VACN : Martine Lefaix, Nathalie Bellanger<\/li>\n<li>Communication WEB : Guy Chesneau , Martine Lefaix\u00a0<\/li>\n<li>Interlocuteur PPG : Eric Berthelot\u00a0<\/li>\n<li>Suivi du fichier adh\u00e9rents : V\u00e9ronique Lacire<\/li>\n<li>Photo\/vid\u00e9o : Tous\u00a0<\/li>\n<\/ul>\n<p>Pour contacter l&#8217;asso \u00a0<a href=\"mailto:bureau.cac35@gmail.com\">bureau.cac35@gmail.com<\/a><\/p>\n<p style=\"text-align: left;\">\u00a0<\/p>\n\n\n<figure class=\"wp-block-image\"><img alt=\"\"\/><\/figure>\n","protected":false},"excerpt":{"rendered":"<p>L&#8217;association du CAC (Courir \u00e0 Corps-Nuds) a pour but de r\u00e9unir les cornusien(ne)s et coureurs (reuses) des communes voisines afin de courir ensemble avec ou sans objectif de performances. Si courir seul vous para\u00eet d\u00e9motivant, venez nous rejoindre et profitez des conseils de chacun. Du d\u00e9butant au confirm\u00e9, nous vous accueillerons en toute convivialit\u00e9. COMPOSITION [&hellip;]<\/p>\n","protected":false},"author":1,"featured_media":0,"parent":0,"menu_order":5,"comment_status":"open","ping_status":"closed","template":"","meta":[],"_links":{"self":[{"href":"http:\/\/www.courir-a-corps-nuds.fr\/index.php?rest_route=\/wp\/v2\/pages\/102"}],"collection":[{"href":"http:\/\/www.courir-a-corps-nuds.fr\/index.php?rest_route=\/wp\/v2\/pages"}],"about":[{"href":"http:\/\/www.courir-a-corps-nuds.fr\/index.php?rest_route=\/wp\/v2\/types\/page"}],"author":[{"embeddable":true,"href":"http:\/\/www.courir-a-corps-nuds.fr\/index.php?rest_route=\/wp\/v2\/users\/1"}],"replies":[{"embeddable":true,"href":"http:\/\/www.courir-a-corps-nuds.fr\/index.php?rest_route=%2Fwp%2Fv2%2Fcomments&post=102"}],"version-history":[{"count":54,"href":"http:\/\/www.courir-a-corps-nuds.fr\/index.php?rest_route=\/wp\/v2\/pages\/102\/revisions"}],"predecessor-version":[{"id":6237,"href":"http:\/\/www.courir-a-corps-nuds.fr\/index.php?rest_route=\/wp\/v2\/pages\/102\/revisions\/6237"}],"wp:attachment":[{"href":"http:\/\/www.courir-a-corps-nuds.fr\/index.php?rest_route=%2Fwp%2Fv2%2Fmedia&parent=102"}],"curies":[{"name":"wp","href":"https:\/\/api.w.org\/{rel}","templated":true}]}}