{"id":4648,"date":"2016-09-06T22:13:15","date_gmt":"2016-09-06T21:13:15","guid":{"rendered":"http:\/\/www.courir-a-corps-nuds.fr\/?page_id=4648"},"modified":"2016-10-30T18:07:31","modified_gmt":"2016-10-30T17:07:31","slug":"informations-trail","status":"publish","type":"page","link":"http:\/\/www.courir-a-corps-nuds.fr\/?page_id=4648","title":{"rendered":"Info. Trail \u00e9dition 2016"},"content":{"rendered":"<table>\n<tbody>\n<tr>\n<td><a href=\"http:\/\/www.courir-a-corps-nuds.fr\/?attachment_id=4616\" rel=\"attachment wp-att-4616\"><img loading=\"lazy\" class=\"  wp-image-4616 aligncenter\" src=\"http:\/\/www.courir-a-corps-nuds.fr\/wp-content\/uploads\/2016\/08\/Trail-Corps-Nuds-2016.jpeg\" alt=\"Trail - Corps Nuds - 2016\" width=\"317\" height=\"371\" srcset=\"http:\/\/www.courir-a-corps-nuds.fr\/wp-content\/uploads\/2016\/08\/Trail-Corps-Nuds-2016.jpeg 555w, http:\/\/www.courir-a-corps-nuds.fr\/wp-content\/uploads\/2016\/08\/Trail-Corps-Nuds-2016-128x150.jpeg 128w, http:\/\/www.courir-a-corps-nuds.fr\/wp-content\/uploads\/2016\/08\/Trail-Corps-Nuds-2016-257x300.jpeg 257w\" sizes=\"(max-width: 317px) 100vw, 317px\" \/><\/a><\/td>\n<td>\n<h2>Le parcours<\/h2>\n<p>Un parcours de 15 km principalement sur des sentiers avec quelques passages ludiques (150 m D+)<\/p>\n<h2>R\u00e8glement<\/h2>\n<p>Vous pouvez consulter le r\u00e8glement de la course ci dessous :<br \/>\n<a href=\"http:\/\/www.courir-a-corps-nuds.fr\/wp-content\/uploads\/2016\/09\/R%C3%A8glement-Course-Corps-Nuds-Nature-Nocturne-2016.pdf\" target=\"_blank\">R\u00e8glement de la course<\/a><\/p>\n<h2>Soir\u00e9e et Repas<\/h2>\n<p>Pour poursuivre l\u2019\u00e9v\u00e8nement nous organisons suite \u00e0 la course,\u00a0 une soir\u00e9e anim\u00e9e avec un repas complet et une animation musicale.<\/p>\n<h2>Inscription<\/h2>\n<p>Inscription en ligne sur le site Klikego : <a title=\"s'inscrire\" href=\"http:\/\/www.klikego.com\/inscription\/course-corps-nature-by-night-2016\/running-course-a-pied\/1408585609557-2\" target=\"_blank\">s&#8217;incrire<\/a>.<\/p>\n<p><!--\n\t\n\n<li>Inscription par courrier en t\u00e9l\u00e9chargeant le <a href=\"http:\/\/www.courir-a-corps-nuds.fr\/?attachment_id=3322\" rel=\"attachment wp-att-3322\">Bulletin inscription trail 2014<\/a><\/li>\n\n\n--><\/td>\n<\/tr>\n<tr>\n<td style=\"text-align: center;\">Pour tous les participants des lots seront offerts.<br \/>\nLe club ou l&#8217;association la plus repr\u00e9sent\u00e9 sera r\u00e9compens\u00e9.<\/p>\n<h2 style=\"text-align: center;\">Commodit\u00e9s<\/h2>\n<p style=\"text-align: center;\">Des vestiaires gard\u00e9s et douches sont disponibles sur place.<\/p>\n<p>&nbsp;<\/td>\n<td>\u00a0<a href=\"http:\/\/www.courir-a-corps-nuds.fr\/?attachment_id=4691\" rel=\"attachment wp-att-4691\"><img loading=\"lazy\" class=\"aligncenter  wp-image-4691\" src=\"http:\/\/www.courir-a-corps-nuds.fr\/wp-content\/uploads\/2016\/09\/Finisher-CCNNBN-2016-V2.jpeg\" alt=\"finisher-ccnnbn-2016-v2\" width=\"304\" height=\"373\" srcset=\"http:\/\/www.courir-a-corps-nuds.fr\/wp-content\/uploads\/2016\/09\/Finisher-CCNNBN-2016-V2.jpeg 360w, http:\/\/www.courir-a-corps-nuds.fr\/wp-content\/uploads\/2016\/09\/Finisher-CCNNBN-2016-V2-122x150.jpeg 122w, http:\/\/www.courir-a-corps-nuds.fr\/wp-content\/uploads\/2016\/09\/Finisher-CCNNBN-2016-V2-244x300.jpeg 244w\" sizes=\"(max-width: 304px) 100vw, 304px\" \/><\/a><\/td>\n<\/tr>\n<\/tbody>\n<\/table>\n<hr \/>\n<p style=\"text-align: center;\"><a href=\"http:\/\/www.courir-a-corps-nuds.fr\/?attachment_id=4749\" rel=\"attachment wp-att-4749\"><img loading=\"lazy\" class=\"aligncenter  wp-image-4749\" src=\"http:\/\/www.courir-a-corps-nuds.fr\/wp-content\/uploads\/2016\/09\/sponsors-2016-1024x297.jpeg\" alt=\"sponsors-2016\" width=\"583\" height=\"169\" srcset=\"http:\/\/www.courir-a-corps-nuds.fr\/wp-content\/uploads\/2016\/09\/sponsors-2016-1024x297.jpeg 1024w, http:\/\/www.courir-a-corps-nuds.fr\/wp-content\/uploads\/2016\/09\/sponsors-2016-150x44.jpeg 150w, http:\/\/www.courir-a-corps-nuds.fr\/wp-content\/uploads\/2016\/09\/sponsors-2016-300x87.jpeg 300w, http:\/\/www.courir-a-corps-nuds.fr\/wp-content\/uploads\/2016\/09\/sponsors-2016.jpeg 1150w\" sizes=\"(max-width: 583px) 100vw, 583px\" \/><\/a><\/p>\n","protected":false},"excerpt":{"rendered":"<p>Le parcours Un parcours de 15 km principalement sur des sentiers avec quelques passages ludiques (150 m D+) R\u00e8glement Vous pouvez consulter le r\u00e8glement de la course ci dessous : R\u00e8glement de la course Soir\u00e9e et Repas Pour poursuivre l\u2019\u00e9v\u00e8nement nous organisons suite \u00e0 la course,\u00a0 une soir\u00e9e anim\u00e9e avec un repas complet et une [&hellip;]<\/p>\n","protected":false},"author":1,"featured_media":0,"parent":4618,"menu_order":2,"comment_status":"closed","ping_status":"closed","template":"","meta":[],"_links":{"self":[{"href":"http:\/\/www.courir-a-corps-nuds.fr\/index.php?rest_route=\/wp\/v2\/pages\/4648"}],"collection":[{"href":"http:\/\/www.courir-a-corps-nuds.fr\/index.php?rest_route=\/wp\/v2\/pages"}],"about":[{"href":"http:\/\/www.courir-a-corps-nuds.fr\/index.php?rest_route=\/wp\/v2\/types\/page"}],"author":[{"embeddable":true,"href":"http:\/\/www.courir-a-corps-nuds.fr\/index.php?rest_route=\/wp\/v2\/users\/1"}],"replies":[{"embeddable":true,"href":"http:\/\/www.courir-a-corps-nuds.fr\/index.php?rest_route=%2Fwp%2Fv2%2Fcomments&post=4648"}],"version-history":[{"count":11,"href":"http:\/\/www.courir-a-corps-nuds.fr\/index.php?rest_route=\/wp\/v2\/pages\/4648\/revisions"}],"predecessor-version":[{"id":4811,"href":"http:\/\/www.courir-a-corps-nuds.fr\/index.php?rest_route=\/wp\/v2\/pages\/4648\/revisions\/4811"}],"up":[{"embeddable":true,"href":"http:\/\/www.courir-a-corps-nuds.fr\/index.php?rest_route=\/wp\/v2\/pages\/4618"}],"wp:attachment":[{"href":"http:\/\/www.courir-a-corps-nuds.fr\/index.php?rest_route=%2Fwp%2Fv2%2Fmedia&parent=4648"}],"curies":[{"name":"wp","href":"https:\/\/api.w.org\/{rel}","templated":true}]}}