{"id":5560,"date":"2018-08-16T00:36:40","date_gmt":"2018-08-15T23:36:40","guid":{"rendered":"http:\/\/www.courir-a-corps-nuds.fr\/?page_id=5560"},"modified":"2022-10-26T14:22:11","modified_gmt":"2022-10-26T13:22:11","slug":"presentation-trail-nocturne-2018","status":"publish","type":"page","link":"http:\/\/www.courir-a-corps-nuds.fr\/?page_id=5560","title":{"rendered":"Edition Nocturne 2018"},"content":{"rendered":"<table>\n<tbody>\n<tr>\n<td>\n<table>\n<tbody>\n<tr>\n<td>&nbsp;<\/p>\n<p>L\u2019association Courir \u00e0 Corps Nuds organise cette ann\u00e9e la 6\u00b0 \u00e9dition de son Trail le 10 novembre 2018. Cette seconde \u00e9dition nocturne va vous permettre de d\u00e9couvrir les alentours de notre village sur des parcours vari\u00e9s (chemins, bois, passages ludiques \u2026) dans la convivialit\u00e9 et la bonne humeur.<\/td>\n<\/tr>\n<tr>\n<td><a href=\"http:\/\/www.courir-a-corps-nuds.fr\/?attachment_id=5588\" rel=\"attachment wp-att-4625\"><img loading=\"lazy\" class=\"alignleft wp-image-5588 \" src=\"http:\/\/www.courir-a-corps-nuds.fr\/wp-content\/uploads\/2018\/08\/logo-VLM-300x206.jpg\" alt=\"\" width=\"157\" height=\"108\" srcset=\"http:\/\/www.courir-a-corps-nuds.fr\/wp-content\/uploads\/2018\/08\/logo-VLM-300x206.jpg 300w, http:\/\/www.courir-a-corps-nuds.fr\/wp-content\/uploads\/2018\/08\/logo-VLM.jpg 390w\" sizes=\"(max-width: 157px) 100vw, 157px\" \/><\/a><br \/>\nProfitez aussi de cette course pour soutenir l&#8217;association <a href=\"https:\/\/www.facebook.com\/lesouriredetylia\" data-cke-saved-href=\"http:\/\/www.vaincrelamuco.org\/\">Vaincre la Mucoviscidose <\/a> (association qui accompagne les personnes atteintes de la Mucoviscidose) que nous allons aider cette ann\u00e9e en reversant une partie des b\u00e9n\u00e9fices de la course.<\/td>\n<\/tr>\n<\/tbody>\n<\/table>\n<\/td>\n<td><a href=\"http:\/\/www.courir-a-corps-nuds.fr\/?attachment_id=5631\" rel=\"attachment wp-att-5631\"><img loading=\"lazy\" class=\"alignleft wp-image-5631\" src=\"http:\/\/www.courir-a-corps-nuds.fr\/wp-content\/uploads\/2018\/10\/CNBN-2018-Affiche-216x300.jpg\" alt=\"\" width=\"227\" height=\"315\" srcset=\"http:\/\/www.courir-a-corps-nuds.fr\/wp-content\/uploads\/2018\/10\/CNBN-2018-Affiche-216x300.jpg 216w, http:\/\/www.courir-a-corps-nuds.fr\/wp-content\/uploads\/2018\/10\/CNBN-2018-Affiche-768x1067.jpg 768w, http:\/\/www.courir-a-corps-nuds.fr\/wp-content\/uploads\/2018\/10\/CNBN-2018-Affiche-737x1024.jpg 737w, http:\/\/www.courir-a-corps-nuds.fr\/wp-content\/uploads\/2018\/10\/CNBN-2018-Affiche.jpg 770w\" sizes=\"(max-width: 227px) 100vw, 227px\" \/><\/a><\/td>\n<\/tr>\n<\/tbody>\n<\/table>\n<p style=\"text-align: center;\">Nous esp\u00e9rons vous retrouver de nouveau nombreux sur cette \u00e9dition.<\/p>\n","protected":false},"excerpt":{"rendered":"<p>&nbsp; L\u2019association Courir \u00e0 Corps Nuds organise cette ann\u00e9e la 6\u00b0 \u00e9dition de son Trail le 10 novembre 2018. Cette seconde \u00e9dition nocturne va vous permettre de d\u00e9couvrir les alentours de notre village sur des parcours vari\u00e9s (chemins, bois, passages ludiques \u2026) dans la convivialit\u00e9 et la bonne humeur. Profitez aussi de cette course pour [&hellip;]<\/p>\n","protected":false},"author":1,"featured_media":0,"parent":6028,"menu_order":1,"comment_status":"closed","ping_status":"closed","template":"","meta":[],"_links":{"self":[{"href":"http:\/\/www.courir-a-corps-nuds.fr\/index.php?rest_route=\/wp\/v2\/pages\/5560"}],"collection":[{"href":"http:\/\/www.courir-a-corps-nuds.fr\/index.php?rest_route=\/wp\/v2\/pages"}],"about":[{"href":"http:\/\/www.courir-a-corps-nuds.fr\/index.php?rest_route=\/wp\/v2\/types\/page"}],"author":[{"embeddable":true,"href":"http:\/\/www.courir-a-corps-nuds.fr\/index.php?rest_route=\/wp\/v2\/users\/1"}],"replies":[{"embeddable":true,"href":"http:\/\/www.courir-a-corps-nuds.fr\/index.php?rest_route=%2Fwp%2Fv2%2Fcomments&post=5560"}],"version-history":[{"count":12,"href":"http:\/\/www.courir-a-corps-nuds.fr\/index.php?rest_route=\/wp\/v2\/pages\/5560\/revisions"}],"predecessor-version":[{"id":6096,"href":"http:\/\/www.courir-a-corps-nuds.fr\/index.php?rest_route=\/wp\/v2\/pages\/5560\/revisions\/6096"}],"up":[{"embeddable":true,"href":"http:\/\/www.courir-a-corps-nuds.fr\/index.php?rest_route=\/wp\/v2\/pages\/6028"}],"wp:attachment":[{"href":"http:\/\/www.courir-a-corps-nuds.fr\/index.php?rest_route=%2Fwp%2Fv2%2Fmedia&parent=5560"}],"curies":[{"name":"wp","href":"https:\/\/api.w.org\/{rel}","templated":true}]}}