{"id":5564,"date":"2018-08-16T00:40:50","date_gmt":"2018-08-15T23:40:50","guid":{"rendered":"http:\/\/www.courir-a-corps-nuds.fr\/?page_id=5564"},"modified":"2022-08-29T20:39:33","modified_gmt":"2022-08-29T19:39:33","slug":"info-trail-edition-2018","status":"publish","type":"page","link":"http:\/\/www.courir-a-corps-nuds.fr\/?page_id=5564","title":{"rendered":"&#8211; Info. \u00e9dition 2018"},"content":{"rendered":"<p>&nbsp;<\/p>\n<table>\n<tbody>\n<tr>\n<td>\u00a0<a href=\"http:\/\/www.courir-a-corps-nuds.fr\/?attachment_id=5631\" rel=\"attachment wp-att-5631\"><img loading=\"lazy\" class=\"alignleft wp-image-5631\" src=\"http:\/\/www.courir-a-corps-nuds.fr\/wp-content\/uploads\/2018\/10\/CNBN-2018-Affiche-216x300.jpg\" alt=\"\" width=\"300\" height=\"417\" srcset=\"http:\/\/www.courir-a-corps-nuds.fr\/wp-content\/uploads\/2018\/10\/CNBN-2018-Affiche-216x300.jpg 216w, http:\/\/www.courir-a-corps-nuds.fr\/wp-content\/uploads\/2018\/10\/CNBN-2018-Affiche-768x1067.jpg 768w, http:\/\/www.courir-a-corps-nuds.fr\/wp-content\/uploads\/2018\/10\/CNBN-2018-Affiche-737x1024.jpg 737w, http:\/\/www.courir-a-corps-nuds.fr\/wp-content\/uploads\/2018\/10\/CNBN-2018-Affiche.jpg 770w\" sizes=\"(max-width: 300px) 100vw, 300px\" \/><\/a><\/td>\n<td>\n<h2>Le parcours<\/h2>\n<p>Un parcours de 16 km principalement sur des sentiers avec quelques passages ludiques (150 m D+)<\/p>\n<h2>R\u00e8glement<\/h2>\n<p>Vous pouvez consulter le r\u00e8glement de la course ci dessous :<br \/>\n<a href=\"http:\/\/www.courir-a-corps-nuds.fr\/wp-content\/uploads\/2018\/09\/R%C3%A8glement-Course-Corps-Nuds-Nocturne-2018.pdf\" target=\"_blank\" rel=\"noopener noreferrer\">R\u00e8glement de la course<\/a><\/p>\n<h2>Soir\u00e9e et Repas<\/h2>\n<p>Pour poursuivre l\u2019\u00e9v\u00e8nement nous organisons suite \u00e0 la course,\u00a0 une soir\u00e9e anim\u00e9e avec un repas complet et une animation musicale.<\/p>\n<h2>Inscription<\/h2>\n<p>Inscription en ligne sur le site Klikego : <a title=\"s'inscrire\" href=\"https:\/\/www.klikego.com\/inscription\/corps-nuds-nature-by-night-2018\/course-a-pied-running\/1408585609557-3\" target=\"_blank\" rel=\"noopener noreferrer\">s&#8217;inscrire<\/a>.<\/p>\n<p><!--\n \t\n\n<li>Inscription par courrier en t\u00e9l\u00e9chargeant le <a href=\"http:\/\/www.courir-a-corps-nuds.fr\/?attachment_id=3322\" rel=\"attachment wp-att-3322\">Bulletin inscription trail 2014<\/a><\/li>\n\n\n--><\/td>\n<\/tr>\n<tr>\n<td style=\"text-align: center;\">Pour tous les participants des lots seront offerts.<br \/>\nLe club ou l&#8217;association la plus repr\u00e9sent\u00e9 sera r\u00e9compens\u00e9.<\/p>\n<h2 style=\"text-align: center;\">Commodit\u00e9s<\/h2>\n<p style=\"text-align: center;\">Des vestiaires gard\u00e9s et douches sont disponibles sur place.<\/p>\n<p>&nbsp;<\/td>\n<td style=\"text-align: center;\">\u00a0<a href=\"http:\/\/www.courir-a-corps-nuds.fr\/?attachment_id=5642\" rel=\"attachment wp-att-5642\"><img loading=\"lazy\" class=\"alignleft size-medium wp-image-5642\" src=\"http:\/\/www.courir-a-corps-nuds.fr\/wp-content\/uploads\/2018\/10\/CNBN-2018-Finisher-300x278.jpg\" alt=\"\" width=\"300\" height=\"278\" srcset=\"http:\/\/www.courir-a-corps-nuds.fr\/wp-content\/uploads\/2018\/10\/CNBN-2018-Finisher-300x278.jpg 300w, http:\/\/www.courir-a-corps-nuds.fr\/wp-content\/uploads\/2018\/10\/CNBN-2018-Finisher.jpg 706w\" sizes=\"(max-width: 300px) 100vw, 300px\" \/><\/a><\/td>\n<\/tr>\n<\/tbody>\n<\/table>\n<hr \/>\n<p style=\"text-align: center;\">\n","protected":false},"excerpt":{"rendered":"<p>&nbsp; \u00a0 Le parcours Un parcours de 16 km principalement sur des sentiers avec quelques passages ludiques (150 m D+) R\u00e8glement Vous pouvez consulter le r\u00e8glement de la course ci dessous : R\u00e8glement de la course Soir\u00e9e et Repas Pour poursuivre l\u2019\u00e9v\u00e8nement nous organisons suite \u00e0 la course,\u00a0 une soir\u00e9e anim\u00e9e avec un repas complet [&hellip;]<\/p>\n","protected":false},"author":1,"featured_media":0,"parent":6028,"menu_order":2,"comment_status":"closed","ping_status":"closed","template":"","meta":[],"_links":{"self":[{"href":"http:\/\/www.courir-a-corps-nuds.fr\/index.php?rest_route=\/wp\/v2\/pages\/5564"}],"collection":[{"href":"http:\/\/www.courir-a-corps-nuds.fr\/index.php?rest_route=\/wp\/v2\/pages"}],"about":[{"href":"http:\/\/www.courir-a-corps-nuds.fr\/index.php?rest_route=\/wp\/v2\/types\/page"}],"author":[{"embeddable":true,"href":"http:\/\/www.courir-a-corps-nuds.fr\/index.php?rest_route=\/wp\/v2\/users\/1"}],"replies":[{"embeddable":true,"href":"http:\/\/www.courir-a-corps-nuds.fr\/index.php?rest_route=%2Fwp%2Fv2%2Fcomments&post=5564"}],"version-history":[{"count":15,"href":"http:\/\/www.courir-a-corps-nuds.fr\/index.php?rest_route=\/wp\/v2\/pages\/5564\/revisions"}],"predecessor-version":[{"id":6034,"href":"http:\/\/www.courir-a-corps-nuds.fr\/index.php?rest_route=\/wp\/v2\/pages\/5564\/revisions\/6034"}],"up":[{"embeddable":true,"href":"http:\/\/www.courir-a-corps-nuds.fr\/index.php?rest_route=\/wp\/v2\/pages\/6028"}],"wp:attachment":[{"href":"http:\/\/www.courir-a-corps-nuds.fr\/index.php?rest_route=%2Fwp%2Fv2%2Fmedia&parent=5564"}],"curies":[{"name":"wp","href":"https:\/\/api.w.org\/{rel}","templated":true}]}}