{"id":6014,"date":"2022-08-29T20:16:19","date_gmt":"2022-08-29T19:16:19","guid":{"rendered":"http:\/\/www.courir-a-corps-nuds.fr\/?page_id=6014"},"modified":"2022-10-13T11:21:46","modified_gmt":"2022-10-13T10:21:46","slug":"presentation-trail-nocturne-2022","status":"publish","type":"page","link":"http:\/\/www.courir-a-corps-nuds.fr\/?page_id=6014","title":{"rendered":"Pr\u00e9sentation Trail Nocturne 2022"},"content":{"rendered":"\n<figure class=\"wp-block-table\"><table><tbody><tr><td>L\u2019association Courir \u00e0 Corps Nuds organise cette ann\u00e9e la 7\u00b0 \u00e9dition de son Trail le 26 novembre 2022. Cette troisi\u00e8me \u00e9dition nocturne va vous permettre de d\u00e9couvrir les alentours de notre village sur des parcours vari\u00e9s (chemins, bois, passages ludiques, travers\u00e9e de la brasserie Sainte Colombe \u2026) dans la convivialit\u00e9 et la bonne humeur.<br><br><strong>Nouveaut\u00e9s 2022 :<\/strong><br>une travers\u00e9e de la <strong>brasserie Sainte Colombe <\/strong>avec d\u00e9gustation pendant la course<br>nous proposons aussi un <strong>parcours de marche nordique <\/strong>de 12 km.<\/td><td><img src=\"http:\/\/www.courir-a-corps-nuds.fr\/wp-content\/uploads\/2022\/09\/CNBN-2022-Affiche-v1.jpeg\" alt=\"\" style=\"width: 180px;\"><\/td><\/tr><tr><td>Pour cette nouvelle \u00e9dition nous avons fait le choix de reverser une partie des b\u00e9n\u00e9fices \u00e0 l\u2019association \u00ab Les P\u2019tits Doudous \u00bb (<a href=\"https:\/\/www.lesptitsdoudous.org\/\">https:\/\/www.lesptitsdoudous.org\/<\/a> ) : un r\u00e9seau d\u2019associations de professionnels de sant\u00e9 qui \u0153uvrent pour am\u00e9liorer le v\u00e9cu des enfants, des parents et des soignants \u00e0 l\u2019h\u00f4pital. Sa mission est d\u2019am\u00e9liorer l\u2019accueil et le bien-\u00eatre des enfants op\u00e9r\u00e9s, de r\u00e9duire leur anxi\u00e9t\u00e9 par le jeu et le num\u00e9rique avant l\u2019op\u00e9ration chirurgicale.<br><br>Nous esp\u00e9rons vous retrouver de nouveau nombreux sur cette \u00e9dition.<\/td><td><img src=\"http:\/\/www.courir-a-corps-nuds.fr\/wp-content\/uploads\/2022\/09\/Logo-petits-doudous.jpg\" alt=\"\" style=\"width: 180px;\"><\/td><\/tr><\/tbody><\/table><\/figure>\n\n\n\n<p><\/p>\n","protected":false},"excerpt":{"rendered":"<p>L\u2019association Courir \u00e0 Corps Nuds organise cette ann\u00e9e la 7\u00b0 \u00e9dition de son Trail le 26 novembre 2022. Cette troisi\u00e8me \u00e9dition nocturne va vous permettre de d\u00e9couvrir les alentours de notre village sur des parcours vari\u00e9s (chemins, bois, passages ludiques, travers\u00e9e de la brasserie Sainte Colombe \u2026) dans la convivialit\u00e9 et la bonne humeur. Nouveaut\u00e9s [&hellip;]<\/p>\n","protected":false},"author":1,"featured_media":0,"parent":6013,"menu_order":1,"comment_status":"closed","ping_status":"closed","template":"","meta":[],"_links":{"self":[{"href":"http:\/\/www.courir-a-corps-nuds.fr\/index.php?rest_route=\/wp\/v2\/pages\/6014"}],"collection":[{"href":"http:\/\/www.courir-a-corps-nuds.fr\/index.php?rest_route=\/wp\/v2\/pages"}],"about":[{"href":"http:\/\/www.courir-a-corps-nuds.fr\/index.php?rest_route=\/wp\/v2\/types\/page"}],"author":[{"embeddable":true,"href":"http:\/\/www.courir-a-corps-nuds.fr\/index.php?rest_route=\/wp\/v2\/users\/1"}],"replies":[{"embeddable":true,"href":"http:\/\/www.courir-a-corps-nuds.fr\/index.php?rest_route=%2Fwp%2Fv2%2Fcomments&post=6014"}],"version-history":[{"count":14,"href":"http:\/\/www.courir-a-corps-nuds.fr\/index.php?rest_route=\/wp\/v2\/pages\/6014\/revisions"}],"predecessor-version":[{"id":6091,"href":"http:\/\/www.courir-a-corps-nuds.fr\/index.php?rest_route=\/wp\/v2\/pages\/6014\/revisions\/6091"}],"up":[{"embeddable":true,"href":"http:\/\/www.courir-a-corps-nuds.fr\/index.php?rest_route=\/wp\/v2\/pages\/6013"}],"wp:attachment":[{"href":"http:\/\/www.courir-a-corps-nuds.fr\/index.php?rest_route=%2Fwp%2Fv2%2Fmedia&parent=6014"}],"curies":[{"name":"wp","href":"https:\/\/api.w.org\/{rel}","templated":true}]}}