{"id":6015,"date":"2022-08-29T20:15:18","date_gmt":"2022-08-29T19:15:18","guid":{"rendered":"http:\/\/www.courir-a-corps-nuds.fr\/?page_id=6015"},"modified":"2022-11-27T18:52:57","modified_gmt":"2022-11-27T17:52:57","slug":"info-trail-edition-2022","status":"publish","type":"page","link":"http:\/\/www.courir-a-corps-nuds.fr\/?page_id=6015","title":{"rendered":"Info. Trail \u00e9dition 2022"},"content":{"rendered":"<h2>Le parcours<\/h2>\n<p>Course : un parcours de 16 km principalement sur des sentiers avec quelques passages ludiques (150 m D+).<\/p>\n<p>Marche nordique : un parcours de 12 km.<\/p>\n<h2>R\u00e8glement<\/h2>\n<p>Vous pouvez consulter le r\u00e8glement de la course ci dessous :<br \/>\n<a href=\"https:\/\/www.klikego.com\/inscription\/corps-nuds-by-night-2022\/running-course-a-pied-marche-nordique\/1408585609557-4?tab=-2#genericModal\" target=\"_blank\" rel=\"noopener noreferrer\">R\u00e8glement de la course<\/a><\/p>\n<h2>Soir\u00e9e et Repas<\/h2>\n<p>Pour poursuivre l\u2019\u00e9v\u00e8nement nous organisons suite \u00e0 la course,\u00a0 une soir\u00e9e anim\u00e9e avec un repas complet et une animation musicale.<\/p>\n<h2>Inscription<\/h2>\n<p>Inscription en ligne sur le site Klikego : <a title=\"s'inscrire\" href=\"https:\/\/www.klikego.com\/inscription\/corps-nuds-by-night-2022\/running-course-a-pied-marche-nordique\/1408585609557-4\" target=\"_blank\" rel=\"noopener noreferrer\">s&#8217;inscrire<\/a>.<\/p>\n<h2>Commodit\u00e9s<\/h2>\n<p>Des vestiaires gard\u00e9s et douches sont disponibles sur place.<\/p>\n<p style=\"text-align: center;\">\n","protected":false},"excerpt":{"rendered":"<p>Le parcours Course : un parcours de 16 km principalement sur des sentiers avec quelques passages ludiques (150 m D+). Marche nordique : un parcours de 12 km. R\u00e8glement Vous pouvez consulter le r\u00e8glement de la course ci dessous : R\u00e8glement de la course Soir\u00e9e et Repas Pour poursuivre l\u2019\u00e9v\u00e8nement nous organisons suite \u00e0 la [&hellip;]<\/p>\n","protected":false},"author":1,"featured_media":0,"parent":6013,"menu_order":2,"comment_status":"closed","ping_status":"closed","template":"","meta":[],"_links":{"self":[{"href":"http:\/\/www.courir-a-corps-nuds.fr\/index.php?rest_route=\/wp\/v2\/pages\/6015"}],"collection":[{"href":"http:\/\/www.courir-a-corps-nuds.fr\/index.php?rest_route=\/wp\/v2\/pages"}],"about":[{"href":"http:\/\/www.courir-a-corps-nuds.fr\/index.php?rest_route=\/wp\/v2\/types\/page"}],"author":[{"embeddable":true,"href":"http:\/\/www.courir-a-corps-nuds.fr\/index.php?rest_route=\/wp\/v2\/users\/1"}],"replies":[{"embeddable":true,"href":"http:\/\/www.courir-a-corps-nuds.fr\/index.php?rest_route=%2Fwp%2Fv2%2Fcomments&post=6015"}],"version-history":[{"count":7,"href":"http:\/\/www.courir-a-corps-nuds.fr\/index.php?rest_route=\/wp\/v2\/pages\/6015\/revisions"}],"predecessor-version":[{"id":6138,"href":"http:\/\/www.courir-a-corps-nuds.fr\/index.php?rest_route=\/wp\/v2\/pages\/6015\/revisions\/6138"}],"up":[{"embeddable":true,"href":"http:\/\/www.courir-a-corps-nuds.fr\/index.php?rest_route=\/wp\/v2\/pages\/6013"}],"wp:attachment":[{"href":"http:\/\/www.courir-a-corps-nuds.fr\/index.php?rest_route=%2Fwp%2Fv2%2Fmedia&parent=6015"}],"curies":[{"name":"wp","href":"https:\/\/api.w.org\/{rel}","templated":true}]}}