{"id":6022,"date":"2022-08-29T20:29:48","date_gmt":"2022-08-29T19:29:48","guid":{"rendered":"http:\/\/www.courir-a-corps-nuds.fr\/?page_id=6022"},"modified":"2022-10-13T10:52:21","modified_gmt":"2022-10-13T09:52:21","slug":"inscription-edition-2022","status":"publish","type":"page","link":"http:\/\/www.courir-a-corps-nuds.fr\/?page_id=6022","title":{"rendered":"Inscription \u00e9dition 2022"},"content":{"rendered":"<table>\n<tbody>\n<tr>\n<td>\n<h2>Inscription au trail nocturne 2022<\/h2>\n<p>Les inscriptions se font en ligne sur le site Klikego : <a title=\"s'inscrire\" href=\"https:\/\/www.klikego.com\/inscription\/corps-nuds-by-night-2022\/running-course-a-pied-marche-nordique\/1408585609557-4\" target=\"_blank\" rel=\"noopener noreferrer\">s&#8217;inscrire<\/a>.<\/p>\n<p>Le nombre de places est limit\u00e9 \u00e0 500 participants pour la course et limit\u00e9 \u00e0 180 personnes pour le repas. Les inscriptions en ligne seront cl\u00f4tur\u00e9es le lundi 21\/11 \u00e0 14h.<\/p>\n<h2>Tarifs<\/h2>\n<ul>\n<li>Trail nocturne Corps Nuds\u00a0 : 12 \u20ac (*)<\/li>\n<li>Marche Nordique : 12 \u20ac (*)<\/li>\n<li>Repas : 11\u20ac<\/li>\n<\/ul>\n<p>Une partie des b\u00e9n\u00e9fices de la course sera revers\u00e9e \u00e0 l&#8217;association\u00a0\u00ab Les P\u2019tits Doudous \u00bb (<a href=\"https:\/\/www.lesptitsdoudous.org\/\">https:\/\/www.lesptitsdoudous.org\/<\/a> )<br \/>\n(*) l&#8217;inscription en ligne inclut les frais de traitement du site klikego<br \/>\nLes inscriptions sur place seront possibles dans la limite des places disponibles mais elles seront major\u00e9es de 2 \u20ac<\/p>\n<h2>Liste des Inscrits<\/h2>\n<p>Vous pouvez retrouver la liste des inscrits <a title=\"ici\" href=\"https:\/\/www.klikego.com\/inscrits\/corps-nuds-by-night-2022\/1408585609557-4\" target=\"_blank\" rel=\"noopener noreferrer\">ici.<\/a><\/td>\n<td><\/td>\n<\/tr>\n<\/tbody>\n<\/table>\n<hr \/>\n<p style=\"text-align: center;\">\n","protected":false},"excerpt":{"rendered":"<p>Inscription au trail nocturne 2022 Les inscriptions se font en ligne sur le site Klikego : s&#8217;inscrire. Le nombre de places est limit\u00e9 \u00e0 500 participants pour la course et limit\u00e9 \u00e0 180 personnes pour le repas. Les inscriptions en ligne seront cl\u00f4tur\u00e9es le lundi 21\/11 \u00e0 14h. Tarifs Trail nocturne Corps Nuds\u00a0 : 12 [&hellip;]<\/p>\n","protected":false},"author":1,"featured_media":0,"parent":6013,"menu_order":3,"comment_status":"closed","ping_status":"closed","template":"","meta":[],"_links":{"self":[{"href":"http:\/\/www.courir-a-corps-nuds.fr\/index.php?rest_route=\/wp\/v2\/pages\/6022"}],"collection":[{"href":"http:\/\/www.courir-a-corps-nuds.fr\/index.php?rest_route=\/wp\/v2\/pages"}],"about":[{"href":"http:\/\/www.courir-a-corps-nuds.fr\/index.php?rest_route=\/wp\/v2\/types\/page"}],"author":[{"embeddable":true,"href":"http:\/\/www.courir-a-corps-nuds.fr\/index.php?rest_route=\/wp\/v2\/users\/1"}],"replies":[{"embeddable":true,"href":"http:\/\/www.courir-a-corps-nuds.fr\/index.php?rest_route=%2Fwp%2Fv2%2Fcomments&post=6022"}],"version-history":[{"count":2,"href":"http:\/\/www.courir-a-corps-nuds.fr\/index.php?rest_route=\/wp\/v2\/pages\/6022\/revisions"}],"predecessor-version":[{"id":6077,"href":"http:\/\/www.courir-a-corps-nuds.fr\/index.php?rest_route=\/wp\/v2\/pages\/6022\/revisions\/6077"}],"up":[{"embeddable":true,"href":"http:\/\/www.courir-a-corps-nuds.fr\/index.php?rest_route=\/wp\/v2\/pages\/6013"}],"wp:attachment":[{"href":"http:\/\/www.courir-a-corps-nuds.fr\/index.php?rest_route=%2Fwp%2Fv2%2Fmedia&parent=6022"}],"curies":[{"name":"wp","href":"https:\/\/api.w.org\/{rel}","templated":true}]}}