{"id":6028,"date":"2022-08-29T20:33:30","date_gmt":"2022-08-29T19:33:30","guid":{"rendered":"http:\/\/www.courir-a-corps-nuds.fr\/?page_id=6028"},"modified":"2022-10-26T14:25:54","modified_gmt":"2022-10-26T13:25:54","slug":"trail-editions-precedentes","status":"publish","type":"page","link":"http:\/\/www.courir-a-corps-nuds.fr\/?page_id=6028","title":{"rendered":"Editions pr\u00e9c\u00e9dentes"},"content":{"rendered":"\n<p>Retrouvez dans cet espace les informations des \u00e9ditions pr\u00e9c\u00e9dentes. L&#8217;\u00e9dition 2022 est la 7ieme \u00e9ditions du trail de Corps Nuds. Apr\u00e8s 4 \u00e9ditions de jour nous avons chang\u00e9 de format en 2018 pour vous proposer une \u00e9dition nocturne. <\/p>\n","protected":false},"excerpt":{"rendered":"<p>Retrouvez dans cet espace les informations des \u00e9ditions pr\u00e9c\u00e9dentes. L&#8217;\u00e9dition 2022 est la 7ieme \u00e9ditions du trail de Corps Nuds. Apr\u00e8s 4 \u00e9ditions de jour nous avons chang\u00e9 de format en 2018 pour vous proposer une \u00e9dition nocturne.<\/p>\n","protected":false},"author":1,"featured_media":0,"parent":0,"menu_order":2,"comment_status":"closed","ping_status":"closed","template":"","meta":[],"_links":{"self":[{"href":"http:\/\/www.courir-a-corps-nuds.fr\/index.php?rest_route=\/wp\/v2\/pages\/6028"}],"collection":[{"href":"http:\/\/www.courir-a-corps-nuds.fr\/index.php?rest_route=\/wp\/v2\/pages"}],"about":[{"href":"http:\/\/www.courir-a-corps-nuds.fr\/index.php?rest_route=\/wp\/v2\/types\/page"}],"author":[{"embeddable":true,"href":"http:\/\/www.courir-a-corps-nuds.fr\/index.php?rest_route=\/wp\/v2\/users\/1"}],"replies":[{"embeddable":true,"href":"http:\/\/www.courir-a-corps-nuds.fr\/index.php?rest_route=%2Fwp%2Fv2%2Fcomments&post=6028"}],"version-history":[{"count":4,"href":"http:\/\/www.courir-a-corps-nuds.fr\/index.php?rest_route=\/wp\/v2\/pages\/6028\/revisions"}],"predecessor-version":[{"id":6099,"href":"http:\/\/www.courir-a-corps-nuds.fr\/index.php?rest_route=\/wp\/v2\/pages\/6028\/revisions\/6099"}],"wp:attachment":[{"href":"http:\/\/www.courir-a-corps-nuds.fr\/index.php?rest_route=%2Fwp%2Fv2%2Fmedia&parent=6028"}],"curies":[{"name":"wp","href":"https:\/\/api.w.org\/{rel}","templated":true}]}}