{"id":163,"date":"2014-01-08T11:51:57","date_gmt":"2014-01-08T10:51:57","guid":{"rendered":"http:\/\/localhost:8888\/cac\/?page_id=163"},"modified":"2023-10-28T20:31:46","modified_gmt":"2023-10-28T19:31:46","slug":"accueil","status":"publish","type":"page","link":"https:\/\/www.courir-a-corps-nuds.fr\/","title":{"rendered":"Accueil"},"content":{"rendered":"<p><img loading=\"lazy\" class=\"size-large wp-image-232 alignleft\" style=\"margin-top: 0px; margin-bottom: 0px;\" title=\"logo asso\" src=\"\/wp-content\/uploads\/2009\/01\/courirlog2-1024x571.gif\" alt=\"courirlog2\" width=\"232\" height=\"129\" \/><\/p>\n<h2>Passionn\u00e9s de course \u00e0 pied ou de marche nordique,en toute convivialit\u00e9 \u00e0 travers les paysages de Corps-Nuds et du Pays de Rennes, venez rejoindre notre association !<\/h2>\n<h2><\/h2>\n<h2><\/h2>\n<h2><span style=\"color: #333333;\">&gt;\u00a0<em><span style=\"text-decoration: underline;\">D\u00e9finition<\/span> : CACOU : homme\u00a0ou femme\u00a0de tout age qui au sein de l&#8217;association du CAC, fait le fanfaron sans se prendre au s\u00e9rieux et prend ses jambes \u00e0 son cou sans se prendre la t\u00eate<\/em><\/span><\/h2>\n<hr \/>\n<table>\n<tbody>\n<tr>\n<td><img loading=\"lazy\" class=\" wp-image-3164 alignleft\" title=\"img.97\" src=\"http:\/\/www.courir-a-corps-nuds.fr\/wp-content\/uploads\/2014\/09\/img.97-150x148.jpg\" alt=\"\" width=\"72\" height=\"71\" srcset=\"https:\/\/www.courir-a-corps-nuds.fr\/wp-content\/uploads\/2014\/09\/img.97-150x148.jpg 150w, https:\/\/www.courir-a-corps-nuds.fr\/wp-content\/uploads\/2014\/09\/img.97.jpg 202w\" sizes=\"(max-width: 72px) 100vw, 72px\" \/><\/td>\n<td>\n<h2>Retrouvez nous sur Facebook<\/h2>\n<p><a href=\"https:\/\/www.facebook.com\/TrailCAC\" target=\"_blank\" rel=\"noopener noreferrer\">https:\/\/www.facebook.com\/TrailCAC <\/a><\/td>\n<td><iframe style=\"border: none; overflow: hidden; height: 80px;\" src=\"\/\/www.facebook.com\/plugins\/like.php?href=https%3A%2F%2Fwww.facebook.com%2FTrailCAC&amp;width&amp;layout=standard&amp;action=like&amp;show_faces=true&amp;share=true&amp;height=80\" width=\"260\" height=\"240\" frameborder=\"0\" scrolling=\"no\"><\/iframe><\/td>\n<\/tr>\n<\/tbody>\n<\/table>\n","protected":false},"excerpt":{"rendered":"<p>Passionn\u00e9s de course \u00e0 pied ou de marche nordique,en toute convivialit\u00e9 \u00e0 travers les paysages de Corps-Nuds et du Pays de Rennes, venez rejoindre notre association ! &gt;\u00a0D\u00e9finition : CACOU : homme\u00a0ou femme\u00a0de tout age qui au sein de l&#8217;association du CAC, fait le fanfaron sans se prendre au s\u00e9rieux et prend ses jambes \u00e0 [&hellip;]<\/p>\n","protected":false},"author":1,"featured_media":0,"parent":0,"menu_order":1,"comment_status":"open","ping_status":"closed","template":"page_blog_modele.php","meta":[],"_links":{"self":[{"href":"https:\/\/www.courir-a-corps-nuds.fr\/index.php?rest_route=\/wp\/v2\/pages\/163"}],"collection":[{"href":"https:\/\/www.courir-a-corps-nuds.fr\/index.php?rest_route=\/wp\/v2\/pages"}],"about":[{"href":"https:\/\/www.courir-a-corps-nuds.fr\/index.php?rest_route=\/wp\/v2\/types\/page"}],"author":[{"embeddable":true,"href":"https:\/\/www.courir-a-corps-nuds.fr\/index.php?rest_route=\/wp\/v2\/users\/1"}],"replies":[{"embeddable":true,"href":"https:\/\/www.courir-a-corps-nuds.fr\/index.php?rest_route=%2Fwp%2Fv2%2Fcomments&post=163"}],"version-history":[{"count":478,"href":"https:\/\/www.courir-a-corps-nuds.fr\/index.php?rest_route=\/wp\/v2\/pages\/163\/revisions"}],"predecessor-version":[{"id":6216,"href":"https:\/\/www.courir-a-corps-nuds.fr\/index.php?rest_route=\/wp\/v2\/pages\/163\/revisions\/6216"}],"wp:attachment":[{"href":"https:\/\/www.courir-a-corps-nuds.fr\/index.php?rest_route=%2Fwp%2Fv2%2Fmedia&parent=163"}],"curies":[{"name":"wp","href":"https:\/\/api.w.org\/{rel}","templated":true}]}}